{"id":379,"date":"2021-02-15T19:54:25","date_gmt":"2021-02-15T19:54:25","guid":{"rendered":"https:\/\/hbv.pt\/?page_id=379"},"modified":"2021-03-13T22:08:10","modified_gmt":"2021-03-13T22:08:10","slug":"termos-e-condicoes","status":"publish","type":"page","link":"https:\/\/hbv.pt\/en\/termos-e-condicoes\/","title":{"rendered":"Terms and Conditions"},"content":{"rendered":"<div data-elementor-type=\"wp-page\" data-elementor-id=\"379\" class=\"elementor elementor-379\" data-elementor-post-type=\"page\">\n\t\t\t\t\t\t<section class=\"elementor-section elementor-top-section elementor-element elementor-element-4d0076d elementor-section-boxed elementor-section-height-default elementor-section-height-default\" data-id=\"4d0076d\" data-element_type=\"section\" data-e-type=\"section\">\n\t\t\t\t\t\t<div class=\"elementor-container elementor-column-gap-default\">\n\t\t\t\t\t<div class=\"elementor-column elementor-col-100 elementor-top-column elementor-element elementor-element-aaa5e2b\" data-id=\"aaa5e2b\" data-element_type=\"column\" data-e-type=\"column\">\n\t\t\t<div class=\"elementor-widget-wrap elementor-element-populated\">\n\t\t\t\t\t\t<div class=\"elementor-element elementor-element-20b5f98 elementor-widget elementor-widget-heading\" data-id=\"20b5f98\" data-element_type=\"widget\" data-e-type=\"widget\" data-widget_type=\"heading.default\">\n\t\t\t\t<div class=\"elementor-widget-container\">\n\t\t\t\t\t<h2 class=\"elementor-heading-title elementor-size-default\">Termos e condi\u00e7\u00f5es<\/h2>\t\t\t\t<\/div>\n\t\t\t\t<\/div>\n\t\t\t\t<div class=\"elementor-element elementor-element-cf96d28 elementor-widget elementor-widget-text-editor\" data-id=\"cf96d28\" data-element_type=\"widget\" data-e-type=\"widget\" data-widget_type=\"text-editor.default\">\n\t\t\t\t<div class=\"elementor-widget-container\">\n\t\t\t\t\t\t\t\t\t<p><span style=\"color: #862633;\"><strong>1. Objeto<\/strong><\/span><\/p><p>1.1 As presentes Condi\u00e7\u00f5es Gerais, atualizadas em mar\u00e7o de 2021, destinam-se, com o formul\u00e1rio de encomenda, e os demais elementos referidos nas mesmas, a regular os termos e as condi\u00e7\u00f5es por que se reger\u00e1 a presta\u00e7\u00e3o do Servi\u00e7o Loja Online da Herdade Barranco do Vale, com sede na Rua Doutor Manuel Maria Corr\u00eaa Guerra N\u00ba5, Paredes 2580-355 Alenquer com o n\u00famero de identifica\u00e7\u00e3o fiscal n\u00ba 514901330, doravante designada por Herdade Barranco do Vale.<\/p><p>1.2 A compra de qualquer produto na Loja Online da Herdade Barranco do Vale implica a aceita\u00e7\u00e3o das presentes Condi\u00e7\u00f5es Gerais de Venda Online.<\/p><p>1.3 Todas e quaisquer bebidas alco\u00f3licas dispon\u00edveis para venda na Loja Online da Herdade Barranco do Vale, s\u00f3 podem ser adquiridas por pessoas que tenham a idade legal para tal, \u00e0 luz das normas aplic\u00e1veis em Portugal e no pa\u00eds de resid\u00eancia.<\/p><p><span style=\"color: #862633;\"><strong>2. Informa\u00e7\u00e3o de Produtos, Pre\u00e7os e Conte\u00fados<\/strong><\/span><\/p><p>2.1 A Herdade Barranco do Vale reserva-se ao direito de modificar, sem aviso pr\u00e9vio e a qualquer momento, a informa\u00e7\u00e3o e oferta comercial apresentada sobre: produtos, pre\u00e7os, promo\u00e7\u00f5es, condi\u00e7\u00f5es comerciais e servi\u00e7os.<\/p><p>2.2 As imagens que ilustram cada produto na Herdade Barranco do Vale podem diferir do produto posteriormente entregue, estando tamb\u00e9m sujeitos, estes mesmos produtos, a rutura de stock.<\/p><p>2.3 Ao abrigo da legisla\u00e7\u00e3o Portuguesa, todos os pre\u00e7os apresentados na Herdade Barranco do Vale incluem as respetivas taxas de IVA em vigor, salvo indica\u00e7\u00e3o em contr\u00e1rio.<\/p><p><strong><span style=\"color: #862633;\">3. Encomenda e Pagamento<\/span><\/strong><\/p><p>3.1 Ap\u00f3s a confirma\u00e7\u00e3o da encomenda na Herdade Barranco do Vale, ser\u00e1 enviado um e-mail para o endere\u00e7o de contacto registado na mesma pelo cliente aquando da formaliza\u00e7\u00e3o, com todos os detalhes sobre a entrega, fatura\u00e7\u00e3o, informa\u00e7\u00f5es de pagamento, produtos e valores.<\/p><p>A Herdade Barranco do Vale sugere a todos os clientes a confirma\u00e7\u00e3o dos detalhes da mesma. Caso o cliente n\u00e3o receba o e-mail de confirma\u00e7\u00e3o de encomenda \u00e9 solicitado que entre em contacto com a Herdade Barranco do Vale atrav\u00e9s dos contactos para que essa notifica\u00e7\u00e3o seja novamente remetida para o endere\u00e7o de e-mail do cliente.<\/p><p>3.2 Se algum dos detalhes colocados pelo cliente na encomenda se encontrem equivocados e\/ou o cliente pretenda alterar alguma informa\u00e7\u00e3o, desde que a encomenda ainda n\u00e3o tenha sido expedida, \u00e9 solicitado que o cliente entre em contacto atrav\u00e9s dos seguintes contactos com a maior brevidade poss\u00edvel para que internamente seja feita a altera\u00e7\u00e3o solicitada pelo cliente.<\/p><p>3.3 Todas as encomendas na Herdade Barranco do Vale s\u00f3 ser\u00e3o processadas ap\u00f3s o recebimento efetivo do pagamento. A formaliza\u00e7\u00e3o da encomenda s\u00f3 em si n\u00e3o constitui uma reserva dos produtos.<\/p><p>3.4 Caso uma encomenda n\u00e3o possa ser satisfeita em parte ou na totalidade, o cliente ser\u00e1 imediatamente contactado pela Herdade Barranco do Vale de modo a encontrar a solu\u00e7\u00e3o mais adequada.<\/p><p>3.5 Todas as encomendas feitas na Herdade Barranco do Vale t\u00eam um prazo m\u00e1ximo de pagamento de 72h. Findo este prazo, a encomenda ser\u00e1 automaticamente cancelada.<\/p><p>3.6 As encomendas poder\u00e3o ser canceladas quando expressamente solicitado pelo cliente atrav\u00e9s de um dos seguintes contactos antes de as encomendas serem expedidas. Ap\u00f3s a confirma\u00e7\u00e3o da expedi\u00e7\u00e3o da encomenda, \u00e9 solicitado ao cliente que contacte a Herdade Barranco do Vale para que em conjunto se encontre a solu\u00e7\u00e3o mais adequada.<\/p><p>3.7 Atrav\u00e9s da Loja Online da Herdade Barranco do Vale s\u00e3o aceites pagamentos por meio de MBWAY (Para clientes com conta banc\u00e1ria em Portugal), Transfer\u00eancia Banc\u00e1ria, pagamento contra levantamento nas instala\u00e7\u00f5es da Herdade Barranco do Vale.<\/p><p>3.8 Os estados das encomendas na Herdade Barranco do Vale s\u00e3o compreendidos em 4 fases: Pendente, Em Processamento Em Espera e Finalizado.<\/p><p>a) Pendente \u2013 Aguarda a entrada do pagamento no sistema da Herdade Barranco do Vale;<br \/>b) Em Processamento \u2013 Fase em que o pagamento j\u00e1 foi rececionado, e a encomenda encontra-se em processamento e em acondicionamento\/prepara\u00e7\u00e3o;<br \/>c) Em Espera \u2013 Aguarda confirma\u00e7\u00f5es adicionais com o cliente para prosseguir com a encomenda. Fase de cariz excecional.<br \/>d) Finalizado \u2013 A encomenda j\u00e1 foi expedida\/enviada.<\/p><p>3.9 Os pagamentos s\u00e3o recebidos em euros, independentemente da moeda com que \u00e9 efetuada a transa\u00e7\u00e3o, as taxas de convers\u00e3o dos pagamentos feitos em outras moedas ter\u00e3o de ser suportadas pelo cliente.<\/p><p><strong><span style=\"color: #862633;\">4. Portes de envio<\/span><\/strong><\/p><p>4.1 Aos pre\u00e7os apresentados nos produtos acresce o respetivo valor dos portes. O custo de transporte depende da quantidade da encomenda e do respetivo destino de entrega. O valor dos portes poder\u00e1 ser simulado dentro do carrinho de compras com os produtos adicionados, preenchendo todos os campos solicitados. O total de portes ser\u00e1 automaticamente calculado quando efetuar a sua encomenda na Loja Online. Salienta-se que os fatores deste c\u00e1lculo poder\u00e3o ser vari\u00e1veis e sofrer altera\u00e7\u00f5es sem aviso pr\u00e9vio.<\/p><p><span style=\"color: #862633;\"><strong>5. Expedi\u00e7\u00f5es e Entregas \/ Levantamento em Loja F\u00edsica HERDADE BARRANCO DO VALE<\/strong><\/span><\/p><p>5.1 Para as encomendas serem enviadas para a morada solicitada dever\u00e1 ser Envio Nacional (em caso de Portugal) e Envio Internacional (em caso de outros pa\u00edses fora de Portugal).<\/p><p>5.2 Em geral, ap\u00f3s a expedi\u00e7\u00e3o, uma encomenda ser\u00e1 entregue:<\/p><p>&#8211; 72 horas em Portugal Continental;<br \/>&#8211; Entre 5 a 9 dias \u00fateis nas Ilhas da Madeira e A\u00e7ores;<br \/>&#8211; Cerca de 4 dias \u00fateis em Espanha Peninsular;<br \/>&#8211; Cerca de 6 dias \u00fateis na restante Europa;<br \/>&#8211; Aproximadamente 7 a 15 dias \u00fateis no resto do mundo.<\/p><p>5.3 Ap\u00f3s a expedi\u00e7\u00e3o das encomendas, a informa\u00e7\u00e3o para monotoriza\u00e7\u00e3o do envio ficar\u00e1 dispon\u00edvel na conta dos clientes que tenham efetuado a encomenda com registo e \u00e9 igualmente enviada uma notifica\u00e7\u00e3o via e-mail com a informa\u00e7\u00e3o do link para monotoriza\u00e7\u00e3o do envio para todos os clientes registados e n\u00e3o registados. Se por algum motivo o cliente n\u00e3o receber a confirma\u00e7\u00e3o de expedi\u00e7\u00e3o dever\u00e1 entrar em contacto com a Herdade Barranco do Vale atrav\u00e9s de um dos seguintes contactos para que seja novamente remetida toda a informa\u00e7\u00e3o dispon\u00edvel sobre a expedi\u00e7\u00e3o da encomenda.<\/p><p>5.4 Ap\u00f3s a notifica\u00e7\u00e3o de expedi\u00e7\u00e3o, os clientes poder\u00e3o acompanhar o estado do envio atrav\u00e9s do link (tracking number) fornecido pela Herdade Barranco do Vale para que estejam a par do estado de evolu\u00e7\u00e3o at\u00e9 ao momento da entrega da encomenda.<\/p><p>5.5 Todos os produtos enviados pela Herdade Barranco do Vale devem ser verificados no ato da entrega. Se o cliente verificar que a encomenda se encontra danificada, dever\u00e1 devolv\u00ea-la de imediato \u00e0 empresa de transportes, justificar devidamente o motivo da devolu\u00e7\u00e3o na guia de remessa do transportador e notificar de imediato a Herdade Barranco do Vale atrav\u00e9s de um dos seguintes contactos.<\/p><p>5.6 Se ap\u00f3s a entrega, o cliente verificar que algum dos artigos n\u00e3o se encontra em conformidade, \u00e9 solicitado que entre em contacto imediato com a Herdade Barranco do Vale atrav\u00e9s do e-mail geral@hvb.pt indicando o n\u00famero da encomenda ou o n\u00famero do documento que acompanhou a encomenda, anexando imagens da embalagem conforme a recebeu e de todos os artigos, para que internamente seja aberto o processo de averigua\u00e7\u00e3o da ocorr\u00eancia e deste modo possa ser solucionada a situa\u00e7\u00e3o com a maior brevidade poss\u00edvel.<\/p><p>5.7 A Herdade Barranco do Vale n\u00e3o se responsabiliza pelos envios feitos para os pa\u00edses em que a respetiva lei n\u00e3o permita a entrada de bebidas alco\u00f3licas. \u00c9 da responsabilidade dos clientes a eventual apreens\u00e3o das respetivas encomendas, assim como o pagamento de taxas aduaneiras, caso estas existam. Em caso da devolu\u00e7\u00e3o dos produtos a Herdade Barranco do Vale restituir\u00e1 apenas o montante respetivo a estes mesmos produtos. Em caso de d\u00favidas o cliente poder\u00e1 contactar a Herdade Barranco do Vale antes de encomendar.<\/p><p>5.8 A Herdade Barranco do Vale tem contratado servi\u00e7os de transporte especializados para entregas em Portugal, Europa e maioria dos pa\u00edses do Mundo. No entanto salienta-se que os poss\u00edveis atrasos nas entregas poder\u00e3o ser de cariz alheio \u00e0 Herdade Barranco do Vale, n\u00e3o sendo poss\u00edvel, nesses casos, garantir prazos exatos de entrega.<\/p><p>5.9 A maioria das entregas \u00e9 feita em hor\u00e1rio de expediente em dias \u00fateis na morada de envio indicada pelo cliente quando submeteu a encomenda.<\/p><p>5.10 Em caso de tentativa de entrega por parte da companhia de transportes sem sucesso por aus\u00eancia, \u00e9 sempre deixado um aviso de passagem na caixa do correio do cliente com as indica\u00e7\u00f5es da transportadora. Dependendo do servi\u00e7o e da transportadora as encomendas dever\u00e3o ser recolhidas no local indicado pela mesma no aviso de passagem, ou dever\u00e3o ser seguidas as indica\u00e7\u00f5es solicitadas no mesmo aviso.<\/p><p>5.11 Se por algum motivo o cliente n\u00e3o possa receber a encomenda ou levant\u00e1-la no local indicado pela transportadora, solicita-se ao cliente que contacte a Herdade Barranco do Vale para que em conjunto se possa encontrar a solu\u00e7\u00e3o mais adequada.<\/p><p>5.12 Antes de submeter a encomenda, caso o cliente pretenda efetuar o levantamento da encomenda na Herdade Barranco do Vale dever\u00e1 selecionar a op\u00e7\u00e3o de envio \u201cLevantamento na Loja.\u201d<\/p><p>a) Ser\u00e1 somente autorizada a levantar a encomenda a pessoa cujo nome esteja descrito na nota de encomenda, salvo a mesma comunique antecipadamente a Herdade Barranco do Vale que outra pessoa (identificando o nome) ir\u00e1 levantar a encomenda.<\/p><p>b) As encomendas para levantamento em loja poder\u00e3o levar 1 dia \u00fatil a ser processadas, todos os clientes s\u00e3o notificados via e-mail quando as mesmas estiverem dispon\u00edveis a ser recolhidas.<\/p><p>c) Ao dirigir-se \u00e0s instala\u00e7\u00f5es f\u00edsicas da Herdade Barranco do Vale, sita em Estrada Municipal 510, S\u00edtio dos Campilhos, 8375-021 S\u00e3o Bartolomeu de Messines, o cliente dever\u00e1 acompanhar-se da confirma\u00e7\u00e3o\/n\u00famero da encomenda, garantindo que recebeu a nossa notifica\u00e7\u00e3o de confirma\u00e7\u00e3o de encomenda dispon\u00edvel para levantamento, e assim evitar desloca\u00e7\u00f5es desnecess\u00e1rias.<\/p><p><strong><span style=\"color: #862633;\">6. Lei Aplic\u00e1vel<\/span><\/strong><\/p><p>6.1 A Herdade Barranco do Vale reconhece a todos os seus clientes o direito de resolu\u00e7\u00e3o dos contratos que com ela celebram, permitindo-lhes a devolu\u00e7\u00e3o, num prazo de 14 (catorze) dias, dos produtos adquiridos nos termos do Decreto-Lei n.\u00ba 143\/2001 e Decreto-Lei 82\/2008 de 20\/05.<\/p><p>6.2 Para trocas ou devolu\u00e7\u00f5es, solicita-se ao cliente que contacte a Herdade Barranco do Vale atrav\u00e9s do e-mail geral@hbv.pt indicando o n\u00famero da encomenda ou do documento que a acompanhou, tendo em conta as condi\u00e7\u00f5es descriminadas abaixo nos seguintes t\u00f3picos:<\/p><p>a) Para realizar a devolu\u00e7\u00e3o da encomenda, o produto dever\u00e1 estar em perfeitas condi\u00e7\u00f5es, e se for caso disso com a sua embalagem original, acess\u00f3rios ou ofertas promocionais inclu\u00eddas, e acompanhado do comprovativo de compra ou fatura.<\/p><p>b) Admitir-se-\u00e1 a devolu\u00e7\u00e3o dos produtos com defeito e envios equivocados, responsabilizando-se a Herdade Barranco do Vale pelos gastos de envio e recolha sempre que o cliente comunique esta circunst\u00e2ncia num prazo de 1 semana (7 dias) dias contados desde a data de rece\u00e7\u00e3o do produto.<\/p><p>c) Uma vez recebida a mercadoria nas nossas instala\u00e7\u00f5es e ap\u00f3s valida\u00e7\u00e3o do estado da mesma em conformidade, proceder-se-\u00e1 \u00e0 devolu\u00e7\u00e3o do seu valor de acordo com a modalidade de pagamento realizada pelo cliente, ou uma outra solu\u00e7\u00e3o previamente acordada com o mesmo.<\/p><p>6.3 A Herdade Barranco do Vale assume a responsabilidade decorrente dos defeitos de origem ou mat\u00e9ria-prima do produto adquirido e caso tal se venha a confirmar pela equipa especializada da Herdade Barranco do Vale proceder-se-\u00e1 \u00e0 troca ou devolu\u00e7\u00e3o do produto sem qualquer custo para o cliente.<\/p><p>6.4 A Herdade Barranco do Vale n\u00e3o aceitar\u00e1 a devolu\u00e7\u00e3o do produto depois de usado, ou no caso de ter sido alterado ou modificado.<\/p><p>6.5 A Herdade Barranco do Vale n\u00e3o se responsabiliza pelas defici\u00eancias decorrentes do uso incorreto, neglig\u00eancia, m\u00e1s condi\u00e7\u00f5es de armazenamento ou causas de for\u00e7a maior.<\/p><p><strong><span style=\"color: #862633;\">7. Lei Aplic\u00e1vel<\/span><\/strong><\/p><p>7.1 Todas as compras efetuadas no site da Herdade Barranco do Vale est\u00e3o sujeitas \u00e0 legisla\u00e7\u00e3o portuguesa. Qualquer conflito ou diverg\u00eancia de interpreta\u00e7\u00e3o das Condi\u00e7\u00f5es Gerais de Venda Online ser\u00e1 submetido ao Tribunal portugu\u00eas competente.<\/p><p>7.2 Caso o Cliente se encontre fora de Portugal Continental, a Herdade Barranco do Vale informa desde j\u00e1 que qualquer processo judicial deve ser exclusivamente instaurado nos Tribunais Portugueses.<\/p><p>As presentes condi\u00e7\u00f5es gerais de venda online podem ser alteradas sem aviso pr\u00e9vio, devendo por isso ser consultadas antes da realiza\u00e7\u00e3o de qualquer encomenda.<\/p>\t\t\t\t\t\t\t\t<\/div>\n\t\t\t\t<\/div>\n\t\t\t\t\t<\/div>\n\t\t<\/div>\n\t\t\t\t\t<\/div>\n\t\t<\/section>\n\t\t\t\t<\/div>","protected":false},"excerpt":{"rendered":"<p>Termos e condi\u00e7\u00f5es 1. Objeto 1.1 As presentes Condi\u00e7\u00f5es Gerais, atualizadas em mar\u00e7o de 2021, destinam-se, com o formul\u00e1rio de encomenda, e os demais elementos referidos nas mesmas, a regular os termos e as condi\u00e7\u00f5es por que se reger\u00e1 a presta\u00e7\u00e3o do Servi\u00e7o Loja Online da Herdade Barranco do Vale, com sede na Rua Doutor [&hellip;]<\/p>\n","protected":false},"author":1,"featured_media":0,"parent":0,"menu_order":0,"comment_status":"closed","ping_status":"closed","template":"","meta":{"ocean_post_layout":"","ocean_both_sidebars_style":"","ocean_both_sidebars_content_width":0,"ocean_both_sidebars_sidebars_width":0,"ocean_sidebar":"0","ocean_second_sidebar":"0","ocean_disable_margins":"enable","ocean_add_body_class":"","ocean_shortcode_before_top_bar":"","ocean_shortcode_after_top_bar":"","ocean_shortcode_before_header":"","ocean_shortcode_after_header":"","ocean_has_shortcode":"","ocean_shortcode_after_title":"","ocean_shortcode_before_footer_widgets":"","ocean_shortcode_after_footer_widgets":"","ocean_shortcode_before_footer_bottom":"","ocean_shortcode_after_footer_bottom":"","ocean_display_top_bar":"default","ocean_display_header":"default","ocean_header_style":"","ocean_center_header_left_menu":"0","ocean_custom_header_template":"0","ocean_custom_logo":0,"ocean_custom_retina_logo":0,"ocean_custom_logo_max_width":0,"ocean_custom_logo_tablet_max_width":0,"ocean_custom_logo_mobile_max_width":0,"ocean_custom_logo_max_height":0,"ocean_custom_logo_tablet_max_height":0,"ocean_custom_logo_mobile_max_height":0,"ocean_header_custom_menu":"0","ocean_menu_typo_font_family":"0","ocean_menu_typo_font_subset":"","ocean_menu_typo_font_size":0,"ocean_menu_typo_font_size_tablet":0,"ocean_menu_typo_font_size_mobile":0,"ocean_menu_typo_font_size_unit":"px","ocean_menu_typo_font_weight":"","ocean_menu_typo_font_weight_tablet":"","ocean_menu_typo_font_weight_mobile":"","ocean_menu_typo_transform":"","ocean_menu_typo_transform_tablet":"","ocean_menu_typo_transform_mobile":"","ocean_menu_typo_line_height":0,"ocean_menu_typo_line_height_tablet":0,"ocean_menu_typo_line_height_mobile":0,"ocean_menu_typo_line_height_unit":"","ocean_menu_typo_spacing":0,"ocean_menu_typo_spacing_tablet":0,"ocean_menu_typo_spacing_mobile":0,"ocean_menu_typo_spacing_unit":"","ocean_menu_link_color":"","ocean_menu_link_color_hover":"","ocean_menu_link_color_active":"","ocean_menu_link_background":"","ocean_menu_link_hover_background":"","ocean_menu_link_active_background":"","ocean_menu_social_links_bg":"","ocean_menu_social_hover_links_bg":"","ocean_menu_social_links_color":"","ocean_menu_social_hover_links_color":"","ocean_disable_title":"default","ocean_disable_heading":"default","ocean_post_title":"","ocean_post_subheading":"","ocean_post_title_style":"","ocean_post_title_background_color":"","ocean_post_title_background":0,"ocean_post_title_bg_image_position":"","ocean_post_title_bg_image_attachment":"","ocean_post_title_bg_image_repeat":"","ocean_post_title_bg_image_size":"","ocean_post_title_height":0,"ocean_post_title_bg_overlay":0.5,"ocean_post_title_bg_overlay_color":"","ocean_disable_breadcrumbs":"default","ocean_breadcrumbs_color":"","ocean_breadcrumbs_separator_color":"","ocean_breadcrumbs_links_color":"","ocean_breadcrumbs_links_hover_color":"","ocean_display_footer_widgets":"default","ocean_display_footer_bottom":"default","ocean_custom_footer_template":"0","footnotes":""},"class_list":["post-379","page","type-page","status-publish","hentry","entry","owp-thumbs-layout-horizontal","owp-btn-normal","owp-tabs-layout-horizontal","has-no-thumbnails","has-product-nav"],"_links":{"self":[{"href":"https:\/\/hbv.pt\/en\/wp-json\/wp\/v2\/pages\/379","targetHints":{"allow":["GET"]}}],"collection":[{"href":"https:\/\/hbv.pt\/en\/wp-json\/wp\/v2\/pages"}],"about":[{"href":"https:\/\/hbv.pt\/en\/wp-json\/wp\/v2\/types\/page"}],"author":[{"embeddable":true,"href":"https:\/\/hbv.pt\/en\/wp-json\/wp\/v2\/users\/1"}],"replies":[{"embeddable":true,"href":"https:\/\/hbv.pt\/en\/wp-json\/wp\/v2\/comments?post=379"}],"version-history":[{"count":0,"href":"https:\/\/hbv.pt\/en\/wp-json\/wp\/v2\/pages\/379\/revisions"}],"wp:attachment":[{"href":"https:\/\/hbv.pt\/en\/wp-json\/wp\/v2\/media?parent=379"}],"curies":[{"name":"wp","href":"https:\/\/api.w.org\/{rel}","templated":true}]}}